{"id":3138,"date":"2019-03-28T23:55:35","date_gmt":"2019-03-28T22:55:35","guid":{"rendered":"http:\/\/patricebarrat.org\/?page_id=3138"},"modified":"2019-04-01T09:48:33","modified_gmt":"2019-04-01T07:48:33","slug":"a-propos-de-nous","status":"publish","type":"page","link":"https:\/\/patricebarrat.org\/index.php\/a-propos-de-nous\/","title":{"rendered":"A propos de nous"},"content":{"rendered":"\t\t<div data-elementor-type=\"wp-post\" data-elementor-id=\"3138\" class=\"elementor elementor-3138 elementor-bc-flex-widget\" data-elementor-settings=\"[]\">\n\t\t\t\t\t\t<div class=\"elementor-inner\">\n\t\t\t\t\t\t\t<div class=\"elementor-section-wrap\">\n\t\t\t\t\t\t\t<section class=\"elementor-section elementor-top-section elementor-element elementor-element-79af0b3 elementor-section-boxed elementor-section-height-default elementor-section-height-default\" data-id=\"79af0b3\" data-element_type=\"section\">\n\t\t\t\t\t\t<div class=\"elementor-container elementor-column-gap-default\">\n\t\t\t\t\t\t\t<div class=\"elementor-row\">\n\t\t\t\t\t<div class=\"elementor-column elementor-col-100 elementor-top-column elementor-element elementor-element-52e7acc\" data-id=\"52e7acc\" data-element_type=\"column\">\n\t\t\t<div class=\"elementor-column-wrap elementor-element-populated\">\n\t\t\t\t\t\t\t<div class=\"elementor-widget-wrap\">\n\t\t\t\t\t\t<div class=\"elementor-element elementor-element-7390e2b elementor-widget elementor-widget-heading\" data-id=\"7390e2b\" data-element_type=\"widget\" data-widget_type=\"heading.default\">\n\t\t\t\t<div class=\"elementor-widget-container\">\n\t\t\t<h2 class=\"elementor-heading-title elementor-size-default\">A propos de nous<\/h2>\t\t<\/div>\n\t\t\t\t<\/div>\n\t\t\t\t\t\t<\/div>\n\t\t\t\t\t<\/div>\n\t\t<\/div>\n\t\t\t\t\t\t\t\t<\/div>\n\t\t\t\t\t<\/div>\n\t\t<\/section>\n\t\t\t\t<section class=\"elementor-section elementor-top-section elementor-element elementor-element-7e78758 elementor-section-boxed elementor-section-height-default elementor-section-height-default\" data-id=\"7e78758\" data-element_type=\"section\">\n\t\t\t\t\t\t<div class=\"elementor-container elementor-column-gap-default\">\n\t\t\t\t\t\t\t<div class=\"elementor-row\">\n\t\t\t\t\t<div class=\"elementor-column elementor-col-100 elementor-top-column elementor-element elementor-element-89c6a07\" data-id=\"89c6a07\" data-element_type=\"column\">\n\t\t\t<div class=\"elementor-column-wrap elementor-element-populated\">\n\t\t\t\t\t\t\t<div class=\"elementor-widget-wrap\">\n\t\t\t\t\t\t<div class=\"elementor-element elementor-element-20431fa elementor-widget elementor-widget-text-editor\" data-id=\"20431fa\" data-element_type=\"widget\" data-widget_type=\"text-editor.default\">\n\t\t\t\t<div class=\"elementor-widget-container\">\n\t\t\t\t\t<div class=\"elementor-text-editor elementor-clearfix\"><p style=\"caret-color: #000000; color: #000000; font-family: HelveticaNeue; font-size: 12px; font-style: normal; font-weight: normal; text-size-adjust: auto;\"><span style=\"font-family: arial, helvetica, sans-serif; font-size: 14px; color: #595757;\">Le nom de domaine et l&#8217;h\u00e9bergement de ce site ont \u00e9t\u00e9 financ\u00e9s en 2019 pour 10 ans par une cagnotte \u00e0 laquelle de nombreux amis de Patrice Barrat ont particip\u00e9.<\/span><\/p>\n<p style=\"caret-color: #000000; color: #000000; font-family: HelveticaNeue; font-size: 12px; font-style: normal; font-weight: normal; text-size-adjust: auto;\"><span style=\"color: #595757;\"><span style=\"font-family: arial, helvetica, sans-serif; font-size: 14px;\">Il a \u00e9t\u00e9 r\u00e9alis\u00e9 par Jean-Pierre Mabille, avec l&#8217;aide et les conseils de\u00a0<\/span><span style=\"font-family: arial, helvetica, sans-serif; font-size: 14px; font-style: normal; font-weight: 400;\">Gonzalo Arijon,\u00a0<\/span><span style=\"font-family: arial, helvetica, sans-serif; font-size: 14px; font-style: normal; font-weight: 400;\">Gilles Cayatte,\u00a0<\/span><span style=\"font-family: arial, helvetica, sans-serif; font-size: 14px; font-style: normal; font-weight: 400;\">Baudouin Koenig,\u00a0<\/span><span style=\"font-family: arial, helvetica, sans-serif; font-size: 14px; font-style: normal; font-weight: 400;\">Xavier Mutin et\u00a0<\/span><span style=\"font-family: arial, helvetica, sans-serif; font-size: 14px;\">Sarah Tr\u00e9villard.<\/span><\/span><\/p>\n<p style=\"caret-color: #000000; color: #000000; font-family: HelveticaNeue; font-size: 12px; font-style: normal; font-weight: normal; text-size-adjust: auto;\"><span style=\"color: #595757;\"><span style=\"font-family: arial, helvetica, sans-serif; font-size: 14px;\">Un grand merci \u00e0 Andr\u00e9 Gazut pour les photos de la soir\u00e9e SCAM, \u00e0 Olivier Raffet pour la vid\u00e9o making off de Sarajevo et d&#8217;autres images.<\/span><\/span><\/p>\n<p style=\"caret-color: #000000; color: #000000; font-family: HelveticaNeue; font-size: 12px; font-style: normal; font-weight: normal; text-size-adjust: auto;\"><span style=\"color: #595757;\"><span style=\"font-family: arial, helvetica, sans-serif; font-size: 14px;\">(Que celles ou ceux qui sont oubli\u00e9s veuillent bien se faire conna\u00eetre !)<\/span><\/span><\/p>\n<p style=\"caret-color: #000000; color: #000000; font-family: HelveticaNeue; font-size: 12px; font-style: normal; font-weight: normal; text-size-adjust: auto;\"><span style=\"font-family: arial, helvetica, sans-serif; font-size: 14px;\"><span style=\"color: #595757;\">Pour toute remarque ou proposition de contribution, utiliser le <\/span><a href=\"http:\/\/patricebarrat.org\/index.php\/contact-webmaster\/\" target=\"_blank\" rel=\"noopener\">contact webmaster<\/a> <span style=\"color: #595757;\">(en bas des pages).<\/span><\/span><\/p>\n<p style=\"caret-color: #000000; color: #000000; font-family: HelveticaNeue; font-size: 12px; font-style: normal; font-weight: normal; text-size-adjust: auto;\"><span style=\"font-family: arial, helvetica, sans-serif; font-size: 14px;\"><span style=\"color: #595757;\">Si vous souhaitez\u00a0 t\u00e9moigner sur la vie et l&#8217;oeuvre de Patrice, utiliser la page<\/span> <a href=\"http:\/\/patricebarrat.org\/index.php\/livre-dor\/\" target=\"_blank\" rel=\"noopener\">&#8220;Livre d&#8217;or&#8221;.<\/a><\/span><\/p>\n<p style=\"caret-color: #000000; color: #000000; font-family: HelveticaNeue; font-size: 12px; font-style: normal; font-weight: normal; text-size-adjust: auto;\"><span style=\"font-family: arial, helvetica, sans-serif; font-size: 14px; color: #595757;\">Merci pour votre visite !<\/span><\/p><\/div>\n\t\t\t\t<\/div>\n\t\t\t\t<\/div>\n\t\t\t\t\t\t<\/div>\n\t\t\t\t\t<\/div>\n\t\t<\/div>\n\t\t\t\t\t\t\t\t<\/div>\n\t\t\t\t\t<\/div>\n\t\t<\/section>\n\t\t\t\t<section class=\"elementor-section elementor-top-section elementor-element elementor-element-3fed7cf elementor-section-boxed elementor-section-height-default elementor-section-height-default\" data-id=\"3fed7cf\" data-element_type=\"section\">\n\t\t\t\t\t\t<div class=\"elementor-container elementor-column-gap-default\">\n\t\t\t\t\t\t\t<div class=\"elementor-row\">\n\t\t\t\t\t<div class=\"elementor-column elementor-col-100 elementor-top-column elementor-element elementor-element-1e7ef93\" data-id=\"1e7ef93\" data-element_type=\"column\">\n\t\t\t<div class=\"elementor-column-wrap elementor-element-populated\">\n\t\t\t\t\t\t\t<div class=\"elementor-widget-wrap\">\n\t\t\t\t\t\t<div class=\"elementor-element elementor-element-41ff52c gallery-spacing-custom elementor-widget elementor-widget-image-gallery\" data-id=\"41ff52c\" data-element_type=\"widget\" data-widget_type=\"image-gallery.default\">\n\t\t\t\t<div class=\"elementor-widget-container\">\n\t\t\t\t\t<div class=\"elementor-image-gallery\">\n\t\t\t<div id='gallery-1' class='gallery galleryid-3138 gallery-columns-2 gallery-size-medium_large'><figure class='gallery-item'>\n\t\t\t<div class='gallery-icon landscape'>\n\t\t\t\t<a data-elementor-open-lightbox=\"yes\" data-elementor-lightbox-slideshow=\"41ff52c\" data-elementor-lightbox-title=\"Barrat Mabille Cayatte Courbou 2012\" href='https:\/\/patricebarrat.org\/wp-content\/uploads\/2019\/02\/Barrat-Mabille-Cayatte-Courbou-2012.jpg'><img width=\"768\" height=\"512\" src=\"https:\/\/patricebarrat.org\/wp-content\/uploads\/2019\/02\/Barrat-Mabille-Cayatte-Courbou-2012-768x512.jpg\" class=\"attachment-medium_large size-medium_large\" alt=\"\" loading=\"lazy\" srcset=\"https:\/\/patricebarrat.org\/wp-content\/uploads\/2019\/02\/Barrat-Mabille-Cayatte-Courbou-2012-768x512.jpg 768w, https:\/\/patricebarrat.org\/wp-content\/uploads\/2019\/02\/Barrat-Mabille-Cayatte-Courbou-2012-300x200.jpg 300w, https:\/\/patricebarrat.org\/wp-content\/uploads\/2019\/02\/Barrat-Mabille-Cayatte-Courbou-2012-600x400.jpg 600w, https:\/\/patricebarrat.org\/wp-content\/uploads\/2019\/02\/Barrat-Mabille-Cayatte-Courbou-2012.jpg 906w\" sizes=\"(max-width: 768px) 100vw, 768px\" \/><\/a>\n\t\t\t<\/div><\/figure><figure class='gallery-item'>\n\t\t\t<div class='gallery-icon landscape'>\n\t\t\t\t<a data-elementor-open-lightbox=\"yes\" data-elementor-lightbox-slideshow=\"41ff52c\" data-elementor-lightbox-title=\"DSCF0134\" href='https:\/\/patricebarrat.org\/wp-content\/uploads\/2019\/03\/DSCF0134.jpg'><img width=\"768\" height=\"512\" src=\"https:\/\/patricebarrat.org\/wp-content\/uploads\/2019\/03\/DSCF0134-768x512.jpg\" class=\"attachment-medium_large size-medium_large\" alt=\"\" loading=\"lazy\" srcset=\"https:\/\/patricebarrat.org\/wp-content\/uploads\/2019\/03\/DSCF0134-768x512.jpg 768w, https:\/\/patricebarrat.org\/wp-content\/uploads\/2019\/03\/DSCF0134-300x200.jpg 300w, https:\/\/patricebarrat.org\/wp-content\/uploads\/2019\/03\/DSCF0134-600x400.jpg 600w, https:\/\/patricebarrat.org\/wp-content\/uploads\/2019\/03\/DSCF0134.jpg 814w\" sizes=\"(max-width: 768px) 100vw, 768px\" \/><\/a>\n\t\t\t<\/div><\/figure>\n\t\t<\/div>\n\t\t<\/div>\n\t\t\t\t<\/div>\n\t\t\t\t<\/div>\n\t\t\t\t\t\t<\/div>\n\t\t\t\t\t<\/div>\n\t\t<\/div>\n\t\t\t\t\t\t\t\t<\/div>\n\t\t\t\t\t<\/div>\n\t\t<\/section>\n\t\t\t\t\t\t<\/div>\n\t\t\t\t\t\t<\/div>\n\t\t\t\t\t<\/div>\n\t\t","protected":false},"excerpt":{"rendered":"<p>A propos de nous Le nom de domaine et l&#8217;h\u00e9bergement de ce site ont \u00e9t\u00e9 financ\u00e9s en 2019 pour 10 ans par une cagnotte \u00e0 laquelle de nombreux amis de Patrice Barrat ont particip\u00e9. Il a \u00e9t\u00e9 r\u00e9alis\u00e9 par Jean-Pierre Mabille, avec l&#8217;aide et les conseils de\u00a0Gonzalo Arijon,\u00a0Gilles Cayatte,\u00a0Baudouin Koenig,\u00a0Xavier&hellip; <\/p>\n","protected":false},"author":1,"featured_media":0,"parent":0,"menu_order":0,"comment_status":"closed","ping_status":"closed","template":"","meta":[],"_links":{"self":[{"href":"https:\/\/patricebarrat.org\/index.php\/wp-json\/wp\/v2\/pages\/3138"}],"collection":[{"href":"https:\/\/patricebarrat.org\/index.php\/wp-json\/wp\/v2\/pages"}],"about":[{"href":"https:\/\/patricebarrat.org\/index.php\/wp-json\/wp\/v2\/types\/page"}],"author":[{"embeddable":true,"href":"https:\/\/patricebarrat.org\/index.php\/wp-json\/wp\/v2\/users\/1"}],"replies":[{"embeddable":true,"href":"https:\/\/patricebarrat.org\/index.php\/wp-json\/wp\/v2\/comments?post=3138"}],"version-history":[{"count":13,"href":"https:\/\/patricebarrat.org\/index.php\/wp-json\/wp\/v2\/pages\/3138\/revisions"}],"predecessor-version":[{"id":3293,"href":"https:\/\/patricebarrat.org\/index.php\/wp-json\/wp\/v2\/pages\/3138\/revisions\/3293"}],"wp:attachment":[{"href":"https:\/\/patricebarrat.org\/index.php\/wp-json\/wp\/v2\/media?parent=3138"}],"curies":[{"name":"wp","href":"https:\/\/api.w.org\/{rel}","templated":true}]}}