{"id":2866,"date":"2019-02-20T23:20:22","date_gmt":"2019-02-20T22:20:22","guid":{"rendered":"http:\/\/patricebarrat.org\/?page_id=2866"},"modified":"2019-02-20T23:23:20","modified_gmt":"2019-02-20T22:23:20","slug":"syrie-maintenant-2","status":"publish","type":"page","link":"https:\/\/patricebarrat.org\/index.php\/syrie-maintenant-2\/","title":{"rendered":"Syrie Maintenant # 2"},"content":{"rendered":"\t\t<div data-elementor-type=\"wp-post\" data-elementor-id=\"2866\" class=\"elementor elementor-2866 elementor-bc-flex-widget\" data-elementor-settings=\"[]\">\n\t\t\t\t\t\t<div class=\"elementor-inner\">\n\t\t\t\t\t\t\t<div class=\"elementor-section-wrap\">\n\t\t\t\t\t\t\t<section class=\"elementor-section elementor-top-section elementor-element elementor-element-59f5d12c elementor-section-boxed elementor-section-height-default elementor-section-height-default\" data-id=\"59f5d12c\" data-element_type=\"section\">\n\t\t\t\t\t\t<div class=\"elementor-container elementor-column-gap-default\">\n\t\t\t\t\t\t\t<div class=\"elementor-row\">\n\t\t\t\t\t<div class=\"elementor-column elementor-col-100 elementor-top-column elementor-element elementor-element-3bac02c6\" data-id=\"3bac02c6\" data-element_type=\"column\">\n\t\t\t<div class=\"elementor-column-wrap elementor-element-populated\">\n\t\t\t\t\t\t\t<div class=\"elementor-widget-wrap\">\n\t\t\t\t\t\t<div class=\"elementor-element elementor-element-4b53081 elementor-widget elementor-widget-spacer\" data-id=\"4b53081\" data-element_type=\"widget\" data-widget_type=\"spacer.default\">\n\t\t\t\t<div class=\"elementor-widget-container\">\n\t\t\t\t\t<div class=\"elementor-spacer\">\n\t\t\t<div class=\"elementor-spacer-inner\"><\/div>\n\t\t<\/div>\n\t\t\t\t<\/div>\n\t\t\t\t<\/div>\n\t\t\t\t<div class=\"elementor-element elementor-element-35f7673 elementor-widget elementor-widget-heading\" data-id=\"35f7673\" data-element_type=\"widget\" data-widget_type=\"heading.default\">\n\t\t\t\t<div class=\"elementor-widget-container\">\n\t\t\t<h2 class=\"elementor-heading-title elementor-size-default\">Syrie Maintenant #2<\/h2>\t\t<\/div>\n\t\t\t\t<\/div>\n\t\t\t\t<div class=\"elementor-element elementor-element-3cee2b2f elementor-widget elementor-widget-text-editor\" data-id=\"3cee2b2f\" data-element_type=\"widget\" data-widget_type=\"text-editor.default\">\n\t\t\t\t<div class=\"elementor-widget-container\">\n\t\t\t\t\t<div class=\"elementor-text-editor elementor-clearfix\"><p>SYRIE MAINTENANT a choisi de permettre une rencontre toute en sinc\u00e9rit\u00e9 et en profondeur entre deux personnes habit\u00e9es par ALEP, deux personnes pour lesquelles, au-del\u00e0 des destructions physiques, l\u2019ESPRIT D\u2019ALEP demeurera \u2013 comme pour nous, nous le disons gravement- envers et contre toutes les oppressions et les occultations. Jean-Pierre Filiu, historien sp\u00e9cialiste de l\u2019Islam contemporain et Salam Kawakibi, directeur adjoint du centre Arab Reform Initiative, partagent un lien fort avec cette terre qu\u2019est la Syrie et plus sp\u00e9cialement cette ville d\u2019Alep. \u200bLa famille de \u200bSalam Kawakibi y a v\u00e9cu depuis bient\u00f4t 6 si\u00e8cles, et Jean-Pierre Filiu y est pass\u00e9 au cours de sa vie\u200b, la premi\u00e8re fois \u00e0 18 ans. Nous avons eu la chance de pouvoir les filmer tous deu\u200bx \u00e9voquant cette \u200bville et son histoire, \u200b s\u2019appuyant pour ce faire sur quelques archives personnelles. \u200bLeurs mots, leurs regards, leurs \u00e9changes, nous disent combien la diplomatie internationale, pourtant n\u00e9e \u00e0 ALEP m\u00eame, comme nous le rappelle Jean Pierre Filiu, est en quelque sorte \u00ab morte \u00bb de honte \u00e0 ALEP et comment tout avenir passe par redonner corps aux visages et aux paroles d\u2019un peuple \u00e9cras\u00e9 par ce monde qui les oublie. Ce n\u2019est pas dans ce monde-l\u00e0 que SYRIE MAINTENANT se reconnait, pas dans l\u2019horreur qu\u2019il permet\u2026au seuil et au sein d\u2019une cit\u00e9 si belle nagu\u00e8re. \u0152uvrons ensemble avec Salam et Jean Pierre pour qu\u2019au moins le souvenir des choses et des gens d\u2019ALEP ne s\u2019estompe pas et que, peut-\u00eatre, \u00e0 force de r\u00e9sistance elle aussi partag\u00e9e, l\u2019Espoir renaisse justement des cendres et du chaos d\u2019Alep. Dans un singulier retournement\u2026N\u2019est-ce pas ? Patrice Barrat ( avec Leiris Javault)<\/p><\/div>\n\t\t\t\t<\/div>\n\t\t\t\t<\/div>\n\t\t\t\t\t\t<\/div>\n\t\t\t\t\t<\/div>\n\t\t<\/div>\n\t\t\t\t\t\t\t\t<\/div>\n\t\t\t\t\t<\/div>\n\t\t<\/section>\n\t\t\t\t\t\t<\/div>\n\t\t\t\t\t\t<\/div>\n\t\t\t\t\t<\/div>\n\t\t","protected":false},"excerpt":{"rendered":"<p>Syrie Maintenant #2 SYRIE MAINTENANT a choisi de permettre une rencontre toute en sinc\u00e9rit\u00e9 et en profondeur entre deux personnes habit\u00e9es par ALEP, deux personnes pour lesquelles, au-del\u00e0 des destructions physiques, l\u2019ESPRIT D\u2019ALEP demeurera \u2013 comme pour nous, nous le disons gravement- envers et contre toutes les oppressions et les&hellip; <\/p>\n","protected":false},"author":1,"featured_media":0,"parent":0,"menu_order":0,"comment_status":"closed","ping_status":"closed","template":"","meta":[],"_links":{"self":[{"href":"https:\/\/patricebarrat.org\/index.php\/wp-json\/wp\/v2\/pages\/2866"}],"collection":[{"href":"https:\/\/patricebarrat.org\/index.php\/wp-json\/wp\/v2\/pages"}],"about":[{"href":"https:\/\/patricebarrat.org\/index.php\/wp-json\/wp\/v2\/types\/page"}],"author":[{"embeddable":true,"href":"https:\/\/patricebarrat.org\/index.php\/wp-json\/wp\/v2\/users\/1"}],"replies":[{"embeddable":true,"href":"https:\/\/patricebarrat.org\/index.php\/wp-json\/wp\/v2\/comments?post=2866"}],"version-history":[{"count":4,"href":"https:\/\/patricebarrat.org\/index.php\/wp-json\/wp\/v2\/pages\/2866\/revisions"}],"predecessor-version":[{"id":2870,"href":"https:\/\/patricebarrat.org\/index.php\/wp-json\/wp\/v2\/pages\/2866\/revisions\/2870"}],"wp:attachment":[{"href":"https:\/\/patricebarrat.org\/index.php\/wp-json\/wp\/v2\/media?parent=2866"}],"curies":[{"name":"wp","href":"https:\/\/api.w.org\/{rel}","templated":true}]}}